{"id":98,"date":"2018-12-01T15:50:24","date_gmt":"2018-12-01T14:50:24","guid":{"rendered":"http:\/\/qigong-kurs.info\/?page_id=98"},"modified":"2025-11-27T18:14:50","modified_gmt":"2025-11-27T17:14:50","slug":"agbs","status":"publish","type":"page","link":"https:\/\/qigong-kurs.info\/?page_id=98","title":{"rendered":"AGB\u00b4s"},"content":{"rendered":"<ol>\n<li>Kurs\/Seminar-AGBs:<\/li>\n<\/ol>\n<p>Die Anmeldung ist verbindlich !!!<\/p>\n<p><em>Nach Kursanmeldung ist die Kursgeb\u00fchr innerhalb der angegebenen Zeit in der Best\u00e4tigungsemail zu entrichten.<\/em><\/p>\n<p><em>Eine Stornierung ist nur bis 4 Wochen vor Kursbeginn m\u00f6glich. Bei Stornierung bis 14 Tage vor Kursbeginn werden 50 % der Kursgeb\u00fchr f\u00e4llig, danach ist die gesamte Kursgeb\u00fchr zu entrichten.<\/em><\/p>\n<p>Wenn Sie sich verbindlich f\u00fcr einen Kurs angemeldet haben, sind Sie verpflichtet, die volle Kursgeb\u00fchr zu bezahlen. Nichterscheinen oder nachtr\u00e4glich eintretende Umst\u00e4nde, deren Ursache nicht im Verantwortungsbereich der Kursleiterin liegt (z.B. Krankheit, Terminprobleme, Nichtgefallen etc.) ber\u00fchren die Zahlungsverpflichtung nicht.<\/p>\n<p><em>Mit der Anmeldung erkl\u00e4rt sich der\/die TeilnehmerIn mit den Teilnahmebedingungen einverstanden.<\/em><\/p>\n","protected":false},"excerpt":{"rendered":"<p>Kurs\/Seminar-AGBs: Die Anmeldung ist verbindlich !!! Nach Kursanmeldung ist die Kursgeb\u00fchr innerhalb der angegebenen Zeit in der Best\u00e4tigungsemail zu entrichten. Eine Stornierung ist nur bis 4 Wochen vor Kursbeginn m\u00f6glich. Bei Stornierung bis 14 Tage vor Kursbeginn werden 50 % der Kursgeb\u00fchr f\u00e4llig, danach ist die gesamte Kursgeb\u00fchr zu entrichten. Wenn Sie sich verbindlich f\u00fcr &hellip; <\/p>\n<p class=\"link-more\"><a href=\"https:\/\/qigong-kurs.info\/?page_id=98\" class=\"more-link\"><span class=\"screen-reader-text\">\u201eAGB\u00b4s\u201c<\/span> weiterlesen<\/a><\/p>\n","protected":false},"author":1,"featured_media":0,"parent":0,"menu_order":0,"comment_status":"closed","ping_status":"closed","template":"","meta":{"footnotes":""},"class_list":["post-98","page","type-page","status-publish","hentry"],"_links":{"self":[{"href":"https:\/\/qigong-kurs.info\/index.php?rest_route=\/wp\/v2\/pages\/98","targetHints":{"allow":["GET"]}}],"collection":[{"href":"https:\/\/qigong-kurs.info\/index.php?rest_route=\/wp\/v2\/pages"}],"about":[{"href":"https:\/\/qigong-kurs.info\/index.php?rest_route=\/wp\/v2\/types\/page"}],"author":[{"embeddable":true,"href":"https:\/\/qigong-kurs.info\/index.php?rest_route=\/wp\/v2\/users\/1"}],"replies":[{"embeddable":true,"href":"https:\/\/qigong-kurs.info\/index.php?rest_route=%2Fwp%2Fv2%2Fcomments&post=98"}],"version-history":[{"count":9,"href":"https:\/\/qigong-kurs.info\/index.php?rest_route=\/wp\/v2\/pages\/98\/revisions"}],"predecessor-version":[{"id":754,"href":"https:\/\/qigong-kurs.info\/index.php?rest_route=\/wp\/v2\/pages\/98\/revisions\/754"}],"wp:attachment":[{"href":"https:\/\/qigong-kurs.info\/index.php?rest_route=%2Fwp%2Fv2%2Fmedia&parent=98"}],"curies":[{"name":"wp","href":"https:\/\/api.w.org\/{rel}","templated":true}]}}