{"id":50,"date":"2018-11-30T15:49:12","date_gmt":"2018-11-30T14:49:12","guid":{"rendered":"http:\/\/qigong-kurs.info\/?page_id=50"},"modified":"2022-02-15T12:47:51","modified_gmt":"2022-02-15T11:47:51","slug":"seminare","status":"publish","type":"page","link":"https:\/\/qigong-kurs.info\/?page_id=50","title":{"rendered":"Seminare"},"content":{"rendered":"<p>Termine und Seminarthemen werden rechtzeitig bekannt gegeben.<\/p>\n<p>In den 1-2t\u00e4gigen Seminaren k\u00f6nnen Sie komplette \u00dcbungsreihen erlernen.<\/p>\n<p>&nbsp;<\/p>\n<p>&nbsp;<\/p>\n","protected":false},"excerpt":{"rendered":"<p>Termine und Seminarthemen werden rechtzeitig bekannt gegeben. In den 1-2t\u00e4gigen Seminaren k\u00f6nnen Sie komplette \u00dcbungsreihen erlernen. &nbsp; &nbsp;<\/p>\n","protected":false},"author":1,"featured_media":5,"parent":0,"menu_order":0,"comment_status":"closed","ping_status":"closed","template":"","meta":{"footnotes":""},"class_list":["post-50","page","type-page","status-publish","has-post-thumbnail","hentry"],"_links":{"self":[{"href":"https:\/\/qigong-kurs.info\/index.php?rest_route=\/wp\/v2\/pages\/50","targetHints":{"allow":["GET"]}}],"collection":[{"href":"https:\/\/qigong-kurs.info\/index.php?rest_route=\/wp\/v2\/pages"}],"about":[{"href":"https:\/\/qigong-kurs.info\/index.php?rest_route=\/wp\/v2\/types\/page"}],"author":[{"embeddable":true,"href":"https:\/\/qigong-kurs.info\/index.php?rest_route=\/wp\/v2\/users\/1"}],"replies":[{"embeddable":true,"href":"https:\/\/qigong-kurs.info\/index.php?rest_route=%2Fwp%2Fv2%2Fcomments&post=50"}],"version-history":[{"count":7,"href":"https:\/\/qigong-kurs.info\/index.php?rest_route=\/wp\/v2\/pages\/50\/revisions"}],"predecessor-version":[{"id":495,"href":"https:\/\/qigong-kurs.info\/index.php?rest_route=\/wp\/v2\/pages\/50\/revisions\/495"}],"wp:featuredmedia":[{"embeddable":true,"href":"https:\/\/qigong-kurs.info\/index.php?rest_route=\/wp\/v2\/media\/5"}],"wp:attachment":[{"href":"https:\/\/qigong-kurs.info\/index.php?rest_route=%2Fwp%2Fv2%2Fmedia&parent=50"}],"curies":[{"name":"wp","href":"https:\/\/api.w.org\/{rel}","templated":true}]}}