{"id":491,"date":"2022-02-15T09:53:39","date_gmt":"2022-02-15T08:53:39","guid":{"rendered":"http:\/\/qigong-kurs.info\/?page_id=491"},"modified":"2023-02-13T17:36:33","modified_gmt":"2023-02-13T16:36:33","slug":"ernaehrungsberatung-nach-tcm","status":"publish","type":"page","link":"https:\/\/qigong-kurs.info\/?page_id=491","title":{"rendered":"Ern\u00e4hrungsberatung nach TCM"},"content":{"rendered":"<p>Als TCM-Therapeutin biete ich Ihnen eine Ern\u00e4hrungsberatung nach der Traditionellen Chinesischen Medizin an.<\/p>\n<p>Unter Ber\u00fccksichtigung Ihres Konstitutionstyps, Ihrer Erkrankungen und Ihres Allgemeinbefindens.<\/p>\n<p>Setzen Sie sich \u00fcber das Kontaktformular oder meine Email-Adresse heike.schirmer@gmx.de mit mir wegen eines Termins in Verbindung.<\/p>\n<p>Kosten: 60 Min. 60.-<\/p>\n","protected":false},"excerpt":{"rendered":"<p>Als TCM-Therapeutin biete ich Ihnen eine Ern\u00e4hrungsberatung nach der Traditionellen Chinesischen Medizin an. Unter Ber\u00fccksichtigung Ihres Konstitutionstyps, Ihrer Erkrankungen und Ihres Allgemeinbefindens. Setzen Sie sich \u00fcber das Kontaktformular oder meine Email-Adresse heike.schirmer@gmx.de mit mir wegen eines Termins in Verbindung. Kosten: 60 Min. 60.-<\/p>\n","protected":false},"author":1,"featured_media":0,"parent":0,"menu_order":0,"comment_status":"closed","ping_status":"closed","template":"","meta":{"footnotes":""},"class_list":["post-491","page","type-page","status-publish","hentry"],"_links":{"self":[{"href":"https:\/\/qigong-kurs.info\/index.php?rest_route=\/wp\/v2\/pages\/491","targetHints":{"allow":["GET"]}}],"collection":[{"href":"https:\/\/qigong-kurs.info\/index.php?rest_route=\/wp\/v2\/pages"}],"about":[{"href":"https:\/\/qigong-kurs.info\/index.php?rest_route=\/wp\/v2\/types\/page"}],"author":[{"embeddable":true,"href":"https:\/\/qigong-kurs.info\/index.php?rest_route=\/wp\/v2\/users\/1"}],"replies":[{"embeddable":true,"href":"https:\/\/qigong-kurs.info\/index.php?rest_route=%2Fwp%2Fv2%2Fcomments&post=491"}],"version-history":[{"count":2,"href":"https:\/\/qigong-kurs.info\/index.php?rest_route=\/wp\/v2\/pages\/491\/revisions"}],"predecessor-version":[{"id":580,"href":"https:\/\/qigong-kurs.info\/index.php?rest_route=\/wp\/v2\/pages\/491\/revisions\/580"}],"wp:attachment":[{"href":"https:\/\/qigong-kurs.info\/index.php?rest_route=%2Fwp%2Fv2%2Fmedia&parent=491"}],"curies":[{"name":"wp","href":"https:\/\/api.w.org\/{rel}","templated":true}]}}