{"id":438,"date":"2020-02-16T10:01:39","date_gmt":"2020-02-16T09:01:39","guid":{"rendered":"http:\/\/qigong-kurs.info\/?page_id=438"},"modified":"2026-04-15T11:34:01","modified_gmt":"2026-04-15T10:34:01","slug":"mini-kurse-in-unterboehringen","status":"publish","type":"page","link":"https:\/\/qigong-kurs.info\/?page_id=438","title":{"rendered":"Eigene Kurse"},"content":{"rendered":"<h1><span style=\"color: #ff0000;\"><em><strong>Neuer Kurs ab 16.4.26<\/strong><\/em><\/span><\/h1>\n<p>&nbsp;<\/p>\n<p>Ort:\u00a0 Vinzenz Klinik, Bad Ditzenbach, Gymnastikraum<\/p>\n<p>Wochentag: Donnerstag, 12x<\/p>\n<p>Zeit:\u00a0 18.45 &#8211; 20.00 Uhr<\/p>\n<p>Beginn: 16.4.<\/p>\n<p>Ende: 30.7.<\/p>\n<p>Termine:\u00a0 alle Donnerstage ausser Ferien- und Feiertagen UND 11.6.<\/p>\n<p>Kosten: 120.-<\/p>\n<p>Bitte rechtzeitig anmelden, da die Teilnehmerzahl begrenzt ist.<\/p>\n<p><em><strong>Teilnahmebedingungen<\/strong>:<\/em><\/p>\n<p>s. AGB<\/p>\n<p><em>Mit der Anmeldung erkl\u00e4rt sich der\/die TeilnehmerIn mit den Teilnahmebedingungen bzw. ABGs einverstanden.<\/em><\/p>\n<p><em><strong>\u00a0LEIDER STEHT F\u00dcR ZUK\u00dcNFTIGE KURSE EINE ERH\u00d6HUNG DER TEILNAHMEGEB\u00dcHR AN, DA DIE RAUMMIETE SICH AB ENDE JUNI DRASTISCH ERH\u00d6HT.<\/strong><\/em><\/p>\n<p>&nbsp;<\/p>\n<p><span style=\"font-size: 20px; color: #ff0000;\"><strong>\u00a0<\/strong><\/span><\/p>\n<p>&nbsp;<\/p>\n","protected":false},"excerpt":{"rendered":"<p>Neuer Kurs ab 16.4.26 &nbsp; Ort:\u00a0 Vinzenz Klinik, Bad Ditzenbach, Gymnastikraum Wochentag: Donnerstag, 12x Zeit:\u00a0 18.45 &#8211; 20.00 Uhr Beginn: 16.4. Ende: 30.7. Termine:\u00a0 alle Donnerstage ausser Ferien- und Feiertagen UND 11.6. Kosten: 120.- Bitte rechtzeitig anmelden, da die Teilnehmerzahl begrenzt ist. Teilnahmebedingungen: s. AGB Mit der Anmeldung erkl\u00e4rt sich der\/die TeilnehmerIn mit den Teilnahmebedingungen &hellip; <\/p>\n<p class=\"link-more\"><a href=\"https:\/\/qigong-kurs.info\/?page_id=438\" class=\"more-link\"><span class=\"screen-reader-text\">\u201eEigene Kurse\u201c<\/span> weiterlesen<\/a><\/p>\n","protected":false},"author":1,"featured_media":0,"parent":0,"menu_order":0,"comment_status":"closed","ping_status":"closed","template":"","meta":{"footnotes":""},"class_list":["post-438","page","type-page","status-publish","hentry"],"_links":{"self":[{"href":"https:\/\/qigong-kurs.info\/index.php?rest_route=\/wp\/v2\/pages\/438","targetHints":{"allow":["GET"]}}],"collection":[{"href":"https:\/\/qigong-kurs.info\/index.php?rest_route=\/wp\/v2\/pages"}],"about":[{"href":"https:\/\/qigong-kurs.info\/index.php?rest_route=\/wp\/v2\/types\/page"}],"author":[{"embeddable":true,"href":"https:\/\/qigong-kurs.info\/index.php?rest_route=\/wp\/v2\/users\/1"}],"replies":[{"embeddable":true,"href":"https:\/\/qigong-kurs.info\/index.php?rest_route=%2Fwp%2Fv2%2Fcomments&post=438"}],"version-history":[{"count":44,"href":"https:\/\/qigong-kurs.info\/index.php?rest_route=\/wp\/v2\/pages\/438\/revisions"}],"predecessor-version":[{"id":771,"href":"https:\/\/qigong-kurs.info\/index.php?rest_route=\/wp\/v2\/pages\/438\/revisions\/771"}],"wp:attachment":[{"href":"https:\/\/qigong-kurs.info\/index.php?rest_route=%2Fwp%2Fv2%2Fmedia&parent=438"}],"curies":[{"name":"wp","href":"https:\/\/api.w.org\/{rel}","templated":true}]}}