{"id":398,"date":"2020-01-24T19:47:46","date_gmt":"2020-01-24T18:47:46","guid":{"rendered":"http:\/\/qigong-kurs.info\/?page_id=398"},"modified":"2024-08-04T20:11:13","modified_gmt":"2024-08-04T19:11:13","slug":"kursgebuehren","status":"publish","type":"page","link":"https:\/\/qigong-kurs.info\/?page_id=398","title":{"rendered":"Kursgeb\u00fchren"},"content":{"rendered":"<div class=\"icons\">\n<div class=\"btn-group pull-right\"><strong>a)<\/strong> \u00a0 Ein <strong>Kurs<\/strong>:\u00a0\u00a0 12 Termine x\u00a0 75 Min\u00a0\u00a0\u00a0\u00a0\u00a0\u00a0\u00a0\u00a0\u00a0\u00a0\u00a0 120.-<\/div>\n<div><\/div>\n<\/div>\n<div style=\"text-align: left;\">\u00a0\u00a0\u00a0\u00a0\u00a0\u00a0\u00a0\u00a0\u00a0\u00a0\u00a0\u00a0\u00a0\u00a0\u00a0\u00a0\u00a0\u00a0\u00a0\u00a0\u00a0\u00a0\u00a0\u00a0\u00a0\u00a0\u00a0\u00a0\u00a0\u00a0\u00a0\u00a0\u00a0\u00a0\u00a0\u00a0\u00a0\u00a0\u00a0\u00a0\u00a0\u00a0\u00a0\u00a0\u00a0\u00a0\u00a0\u00a0\u00a0\u00a0\u00a0\u00a0\u00a0\u00a0\u00a0\u00a0\u00a0\u00a0\u00a0\u00a0\u00a0\u00a0\u00a0\u00a0\u00a0\u00a0\u00a0\u00a0\u00a0\u00a0\u00a0\u00a0\u00a0\u00a0\u00a0\u00a0\u00a0\u00a0\u00a0\u00a0\u00a0\u00a0\u00a0\u00a0\u00a0\u00a0\u00a0\u00a0\u00a0\u00a0\u00a0\u00a0\u00a0\u00a0\u00a0\u00a0\u00a0\u00a0\u00a0\u00a0\u00a0\u00a0\u00a0\u00a0\u00a0\u00a0\u00a0\u00a0\u00a0\u00a0\u00a0\u00a0\u00a0\u00a0\u00a0\u00a0\u00a0\u00a0\u00a0\u00a0\u00a0\u00a0\u00a0\u00a0\u00a0\u00a0\u00a0\u00a0\u00a0\u00a0\u00a0\u00a0\u00a0\u00a0\u00a0\u00a0\u00a0\u00a0\u00a0\u00a0\u00a0\u00a0\u00a0\u00a0\u00a0\u00a0\u00a0\u00a0\u00a0\u00a0\u00a0\u00a0\u00a0\u00a0\u00a0\u00a0\u00a0\u00a0\u00a0\u00a0 Mit Qigong k\u00f6nnen sehr viele positive Wirkungen f\u00fcr K\u00f6rper, Geist und Seele erzielt werden, daran sollte man zuerst einmal denken. Und wenn man Nutzen und Kosten objektiv gegeneinander abw\u00e4gt, erkennt man, dass die Kursgeb\u00fchr wirklich g\u00fcnstig ist.<\/div>\n<div>Ich habe eine \u00fcber 25-j\u00e4hrige Erfahrung und bin st\u00e4ndig auf Fortbildungen unterwegs und kann Ihnen dadurch eine st\u00e4ndig aktuelle und hohe Qualit\u00e4t anbieten. Auch meine Erfahrungen in der chinesischen Medizin als TCM-Therapeutin flie\u00dfen mit in den Unterricht ein.<\/div>\n<div><\/div>\n<div>Oft werden auch nur 45 Min. angeboten, die viel zu kurz sind, um die Wirkungen von Qigong zu sp\u00fcren. Deshalb sind meine Stunden 75 Min. lang.<\/div>\n<div><\/div>\n<div>\n<p>Qualit\u00e4t hat ihren Preis, das war schon immer so.<\/p>\n<p>Und fr\u00fcher sagte man schon: &#8222;Ich bin zu arm, um billig einzukaufen.&#8220;<br \/>\nDenn alles, was billig eingekauft wird und nichts taugt, ist rausgeworfenes Geld.<br \/>\nUnd in Bezug auf Qi Gong ist es zus\u00e4tzlich auch noch verschwendete Lebenszeit.<\/p>\n<p>&nbsp;<\/p>\n<\/div>\n<p><strong>b)\u00a0\u00a0\u00a0 Schnupperstunde\u00a0\u00a0\u00a0\u00a0\u00a0\u00a0\u00a0<\/strong> 15.-<\/p>\n<p>Diese Geb\u00fchr wird bei Belegung eines Kurses angerechnet. Eine Schnupperstunde kann nur innerhalb eines laufenden Kurses angeboten werden. Ansonsten kann ich Ihnen eine Einzelstunde (s.u.) zum Kennenlernen anbieten.<\/p>\n<p>&nbsp;<\/p>\n<p>&nbsp;<\/p>\n<p><strong>c)\u00a0\u00a0\u00a0 Einzelstunde<\/strong> \u00a0 \u00a0 \u00a0\u00a0 Abrechnung\u00a0 je nach L\u00e4nge (60.- f\u00fcr 60 Min)<\/p>\n","protected":false},"excerpt":{"rendered":"<p>a) \u00a0 Ein Kurs:\u00a0\u00a0 12 Termine x\u00a0 75 Min\u00a0\u00a0\u00a0\u00a0\u00a0\u00a0\u00a0\u00a0\u00a0\u00a0\u00a0 120.- \u00a0\u00a0\u00a0\u00a0\u00a0\u00a0\u00a0\u00a0\u00a0\u00a0\u00a0\u00a0\u00a0\u00a0\u00a0\u00a0\u00a0\u00a0\u00a0\u00a0\u00a0\u00a0\u00a0\u00a0\u00a0\u00a0\u00a0\u00a0\u00a0\u00a0\u00a0\u00a0\u00a0\u00a0\u00a0\u00a0\u00a0\u00a0\u00a0\u00a0\u00a0\u00a0\u00a0\u00a0\u00a0\u00a0\u00a0\u00a0\u00a0\u00a0\u00a0\u00a0\u00a0\u00a0\u00a0\u00a0\u00a0\u00a0\u00a0\u00a0\u00a0\u00a0\u00a0\u00a0\u00a0\u00a0\u00a0\u00a0\u00a0\u00a0\u00a0\u00a0\u00a0\u00a0\u00a0\u00a0\u00a0\u00a0\u00a0\u00a0\u00a0\u00a0\u00a0\u00a0\u00a0\u00a0\u00a0\u00a0\u00a0\u00a0\u00a0\u00a0\u00a0\u00a0\u00a0\u00a0\u00a0\u00a0\u00a0\u00a0\u00a0\u00a0\u00a0\u00a0\u00a0\u00a0\u00a0\u00a0\u00a0\u00a0\u00a0\u00a0\u00a0\u00a0\u00a0\u00a0\u00a0\u00a0\u00a0\u00a0\u00a0\u00a0\u00a0\u00a0\u00a0\u00a0\u00a0\u00a0\u00a0\u00a0\u00a0\u00a0\u00a0\u00a0\u00a0\u00a0\u00a0\u00a0\u00a0\u00a0\u00a0\u00a0\u00a0\u00a0\u00a0\u00a0\u00a0\u00a0\u00a0\u00a0\u00a0\u00a0\u00a0\u00a0\u00a0\u00a0\u00a0\u00a0\u00a0\u00a0 Mit Qigong k\u00f6nnen sehr viele positive Wirkungen f\u00fcr K\u00f6rper, Geist und Seele erzielt werden, daran sollte man zuerst einmal denken. Und wenn man Nutzen und Kosten objektiv gegeneinander abw\u00e4gt, erkennt man, dass die Kursgeb\u00fchr wirklich g\u00fcnstig ist. Ich habe eine \u00fcber 25-j\u00e4hrige Erfahrung und &hellip; <\/p>\n<p class=\"link-more\"><a href=\"https:\/\/qigong-kurs.info\/?page_id=398\" class=\"more-link\"><span class=\"screen-reader-text\">\u201eKursgeb\u00fchren\u201c<\/span> weiterlesen<\/a><\/p>\n","protected":false},"author":1,"featured_media":0,"parent":0,"menu_order":0,"comment_status":"closed","ping_status":"closed","template":"","meta":{"footnotes":""},"class_list":["post-398","page","type-page","status-publish","hentry"],"_links":{"self":[{"href":"https:\/\/qigong-kurs.info\/index.php?rest_route=\/wp\/v2\/pages\/398","targetHints":{"allow":["GET"]}}],"collection":[{"href":"https:\/\/qigong-kurs.info\/index.php?rest_route=\/wp\/v2\/pages"}],"about":[{"href":"https:\/\/qigong-kurs.info\/index.php?rest_route=\/wp\/v2\/types\/page"}],"author":[{"embeddable":true,"href":"https:\/\/qigong-kurs.info\/index.php?rest_route=\/wp\/v2\/users\/1"}],"replies":[{"embeddable":true,"href":"https:\/\/qigong-kurs.info\/index.php?rest_route=%2Fwp%2Fv2%2Fcomments&post=398"}],"version-history":[{"count":17,"href":"https:\/\/qigong-kurs.info\/index.php?rest_route=\/wp\/v2\/pages\/398\/revisions"}],"predecessor-version":[{"id":704,"href":"https:\/\/qigong-kurs.info\/index.php?rest_route=\/wp\/v2\/pages\/398\/revisions\/704"}],"wp:attachment":[{"href":"https:\/\/qigong-kurs.info\/index.php?rest_route=%2Fwp%2Fv2%2Fmedia&parent=398"}],"curies":[{"name":"wp","href":"https:\/\/api.w.org\/{rel}","templated":true}]}}