{"id":38,"date":"2018-11-29T22:59:54","date_gmt":"2018-11-29T21:59:54","guid":{"rendered":"http:\/\/qigong-kurs.info\/?page_id=38"},"modified":"2023-04-23T07:39:39","modified_gmt":"2023-04-23T06:39:39","slug":"ueber-mich","status":"publish","type":"page","link":"https:\/\/qigong-kurs.info\/?page_id=38","title":{"rendered":"\u00fcber Mich"},"content":{"rendered":"<h4><span style=\"font-family: comic sans ms, sans-serif;\">Meine Ausbildung:<\/span><\/h4>\n<p>&nbsp;<\/p>\n<p><span style=\"font-family: comic sans ms, sans-serif;\">Heilpraktikerin, TCM-Therapeutin<\/span><\/p>\n<p><span style=\"font-family: comic sans ms, sans-serif;\"><strong>Qigong<\/strong>-Lehrerin und -Therapeutin, Qigong-Kursleiterin<br \/>\n<\/span><\/p>\n<p><span style=\"font-family: comic sans ms, sans-serif;\"><strong>Qi Walking<\/strong>-Kursleiterin <\/span><\/p>\n<p><span style=\"font-family: comic sans ms, sans-serif;\">\u00a0<\/span><\/p>\n<p>&nbsp;<\/p>\n<p><span style=\"font-family: comic sans ms, sans-serif;\">Meine st\u00e4ndigen Fortbildungen garantieren einen qualifizierten und aktuellen Unterricht.<\/span><\/p>\n<p>Ein kleiner Auszug aus meinen Fortbildungen (die neuesten zuerst):<\/p>\n<p>&nbsp;<\/p>\n<p><span style=\"font-size: 14px;\">22.04.2023\u00a0\u00a0\u00a0\u00a0\u00a0\u00a0\u00a0\u00a0 Drachenstark f\u00fcr Kinder &#8211; Abwandlung des Teller-Qigong zum <\/span><\/p>\n<p><span style=\"font-size: 14px;\">\u00a0\u00a0\u00a0\u00a0\u00a0\u00a0\u00a0\u00a0\u00a0\u00a0\u00a0\u00a0\u00a0\u00a0\u00a0\u00a0\u00a0\u00a0\u00a0\u00a0\u00a0\u00a0\u00a0\u00a0\u00a0\u00a0\u00a0\u00a0\u00a0\u00a0\u00a0\u00a0\u00a0\u00a0 Drachen-Qigong f\u00fcr starke und selbstbewu\u00dfte Kinder<\/span><\/p>\n<p><span style=\"font-size: 14px;\">16.10.2022\u00a0\u00a0\u00a0\u00a0\u00a0\u00a0\u00a0\u00a0\u00a0\u00a0 Einf\u00fchrungstag &#8222;Drachenstark&#8220; &#8211; Bewegungsf\u00f6rderung f\u00fcr <\/span><\/p>\n<p><span style=\"font-size: 14px;\">\u00a0\u00a0\u00a0\u00a0\u00a0\u00a0\u00a0\u00a0\u00a0\u00a0\u00a0\u00a0\u00a0\u00a0\u00a0\u00a0\u00a0\u00a0\u00a0\u00a0\u00a0\u00a0\u00a0\u00a0\u00a0\u00a0\u00a0\u00a0\u00a0\u00a0\u00a0\u00a0\u00a0\u00a0 starke und <\/span><span style=\"font-size: 14px;\">selbstbewusste Kinder<\/span><\/p>\n<p><span style=\"font-size: 14px;\">03.04.2022\u00a0\u00a0\u00a0\u00a0\u00a0\u00a0\u00a0\u00a0 Beckenbodentraining mit Pilates<\/span><\/p>\n<p><span style=\"font-size: 14px;\">17.04.2021\u00a0\u00a0\u00a0\u00a0\u00a0\u00a0\u00a0\u00a0\u00a0\u00a0 Neidan Gong &#8211; Leber: Das<\/span><span style=\"font-size: 14px;\"> Harmonisieren der Leber<\/span><\/p>\n<p><span style=\"font-size: 14px;\">27.\u2013 28.02.21\u00a0\u00a0\u00a0\u00a0\u00a0 Neidan Gong \u2013 Das<\/span><span style=\"font-size: 14px;\"> Durchl\u00e4ssigmachen der Nieren und\u00a0\u00a0\u00a0 \u00a0 \u00a0<\/span><span style=\"font-size: 14px;\"> \u00a0 \u00a0 \u00a0 \u00a0 \u00a0 \u00a0 \u00a0 \u00a0 \u00a0 \u00a0\u00a0 \u00a0\u00a0\u00a0\u00a0\u00a0\u00a0\u00a0\u00a0\u00a0 \u00a0 \u00a0 \u00a0 \u00a0 \u00a0 \u00a0 \u00a0 \u00a0 \u00a0 \u00a0 \u00a0 \u00a0\u00a0\u00a0\u00a0\u00a0\u00a0\u00a0\u00a0\u00a0\u00a0\u00a0\u00a0\u00a0\u00a0 Harmonisieren der Blase<\/span><\/p>\n<p><span style=\"font-size: 14px;\">Feb. 2020\u00a0\u00a0\u00a0 \u00a0 \u00a0\u00a0\u00a0\u00a0\u00a0\u00a0 Das vollst\u00e4ndige Durchl\u00e4ssigmachen der Gelenke &#8211; Neidan Gong <\/span><span style=\"font-size: 14px;\">\u00a0\u00a0\u00a0\u00a0\u00a0\u00a0\u00a0\u00a0\u00a0\u00a0\u00a0\u00a0\u00a0\u00a0\u00a0\u00a0\u00a0\u00a0\u00a0\u00a0\u00a0\u00a0\u00a0\u00a0\u00a0\u00a0\u00a0\u00a0 \u00a0 \u00a0 \u00a0 zum \u00d6ffnen des K\u00f6rpers<\/span><\/p>\n<p><span style=\"font-size: 14px;\">Jan. 2020\u00a0\u00a0\u00a0\u00a0\u00a0\u00a0\u00a0\u00a0\u00a0\u00a0\u00a0\u00a0\u00a0 Beckenboden: Kraft aus der inneren Mitte<\/span><\/p>\n<p><span style=\"font-size: 14px;\">06.12.2019\u00a0\u00a0\u00a0\u00a0\u00a0\u00a0\u00a0\u00a0\u00a0\u00a0 Qigong for Business<\/span><\/p>\n<p><span style=\"font-size: 14px;\">04.\u201305.05.19\u00a0\u00a0\u00a0\u00a0\u00a0 Qigong &amp; Neigong zur St\u00e4rkung der Mitte<\/span><\/p>\n<p><span style=\"font-size: 14px;\">02. + 03.03.19\u00a0\u00a0\u00a0 N\u00fc Zi Xiu Lian Fa \u2013 Qigong f\u00fcr Frauen<\/span><\/p>\n<p><span style=\"font-size: 14px;\">24.02.19\u00a0\u00a0\u00a0\u00a0\u00a0\u00a0\u00a0\u00a0\u00a0\u00a0\u00a0\u00a0\u00a0\u00a0\u00a0\u00a0 Rhythmus und Schwingen mit der \u00dcbungsreihe Duft-Qigong<\/span><\/p>\n<p><span style=\"font-size: 14px;\">28. + 29.04.18\u00a0\u00a0\u00a0\u00a0 Craniosacrale Selbstbehandlung und Meditation<\/span><\/p>\n<p><span style=\"font-size: 14px;\">27.04.18\u00a0\u00a0\u00a0\u00a0\u00a0\u00a0\u00a0\u00a0\u00a0\u00a0\u00a0\u00a0\u00a0\u00a0\u00a0\u00a0\u00a0 Pan Zi Gong &#8211; Teller Qigong nach Prof. Ding Hongye<\/span><\/p>\n<p><span style=\"font-size: 14px;\">14.01.18\u00a0\u00a0\u00a0\u00a0\u00a0\u00a0\u00a0\u00a0\u00a0\u00a0\u00a0\u00a0\u00a0\u00a0\u00a0\u00a0\u00a0\u00a0 Akupressur \u2013 Basiskurs mit 5-Elemente-Qigong<\/span><\/p>\n<p><span style=\"font-size: 14px;\">06. + 07.05.17 \u00a0 \u00a0\u00a0 Die Verbindung von aktiver und passiver Meditation<\/span><\/p>\n<p><span style=\"font-size: 14px;\">11.11.16\u00a0\u00a0\u00a0\u00a0\u00a0\u00a0\u00a0\u00a0\u00a0\u00a0\u00a0\u00a0\u00a0\u00a0\u00a0\u00a0\u00a0\u00a0\u00a0\u00a0\u00a0 Rhythmus des Lebens: Schwingen und Rhythmen im Qigong<\/span><\/p>\n<p><span style=\"font-size: 14px;\">22.04.16\u00a0\u00a0\u00a0\u00a0\u00a0\u00a0\u00a0\u00a0\u00a0\u00a0\u00a0\u00a0\u00a0\u00a0\u00a0\u00a0\u00a0\u00a0 Lachyoga<\/span><\/p>\n<p><span style=\"font-size: 14px;\">02. + 03.04.16\u00a0\u00a0\u00a0\u00a0\u00a0 Wahrnehmen, Vermeiden und Ausscheiden von \u201eXie Qi\u201c<\/span><\/p>\n<p><span style=\"font-size: 14px;\">13.03.16\u00a0\u00a0\u00a0\u00a0\u00a0\u00a0\u00a0\u00a0\u00a0\u00a0\u00a0\u00a0\u00a0\u00a0 \u00a0 \u00a0 Wechseljahre \u2013 mehr als nur Hormonumstellung<\/span><\/p>\n<p><span style=\"font-size: 14px;\">05.03.16\u00a0\u00a0\u00a0\u00a0\u00a0\u00a0\u00a0\u00a0\u00a0\u00a0\u00a0\u00a0\u00a0\u00a0\u00a0\u00a0\u00a0\u00a0 Imagination \u2013 Die Kraft der inneren Bilder<\/span><\/p>\n<p><span style=\"font-size: 14px;\">26.02.16\u00a0\u00a0\u00a0\u00a0\u00a0\u00a0\u00a0\u00a0\u00a0\u00a0\u00a0\u00a0\u00a0\u00a0\u00a0\u00a0\u00a0\u00a0 Fusion &#8211; Funktionell und ganzheitlich den R\u00fccken st\u00e4rken<\/span><\/p>\n<p><span style=\"font-size: 14px;\">04.12.15\u00a0\u00a0\u00a0\u00a0\u00a0\u00a0\u00a0\u00a0\u00a0\u00a0\u00a0\u00a0\u00a0\u00a0\u00a0\u00a0\u00a0\u00a0\u00a0 Qigong zwischen Wissenschaft und Spiritualit\u00e4t<\/span><\/p>\n<p><span style=\"font-size: 14px;\">31.10. \u2013 01.11.15\u00a0\u00a0\u00a0 \u00dcbungen zum Lockern der Muskeln und St\u00e4rken der Knochen<\/span><\/p>\n<p><span style=\"font-size: 14px;\">28.06.15\u00a0\u00a0\u00a0\u00a0\u00a0\u00a0\u00a0\u00a0\u00a0\u00a0\u00a0\u00a0\u00a0\u00a0\u00a0\u00a0\u00a0\u00a0 Faszientraining mit \u00dcbungen aus dem Qigong<\/span><\/p>\n<p><span style=\"font-size: 14px;\">14.06.15\u00a0\u00a0\u00a0\u00a0\u00a0\u00a0\u00a0\u00a0\u00a0\u00a0\u00a0\u00a0\u00a0\u00a0\u00a0\u00a0\u00a0\u00a0\u00a0 Potpourri der Bewegung: Gelenke aktivieren<\/span><\/p>\n<p><span style=\"font-size: 14px;\">11. + 12.04.15\u00a0\u00a0\u00a0 \u00a0 \u00a0 \u00a0 Meditation und Lebensfreude<\/span><\/p>\n<p><span style=\"font-size: 14px;\">20. + 21.03.15\u00a0 \u00a0 \u00a0\u00a0\u00a0 Vom Medizinball zum Qi-Ball<\/span><\/p>\n<p><span style=\"font-size: 14px;\">27. + 28.09.14\u00a0\u00a0 \u00a0 \u00a0 Der fliegende Kranich<\/span><\/p>\n<p><span style=\"font-size: 14px;\">27.07.14\u00a0\u00a0\u00a0\u00a0\u00a0\u00a0\u00a0\u00a0\u00a0\u00a0\u00a0\u00a0\u00a0\u00a0\u00a0\u00a0\u00a0\u00a0 Duft-Qigong II<\/span><\/p>\n<p><span style=\"font-size: 14px;\">26.07.14\u00a0\u00a0\u00a0\u00a0\u00a0\u00a0\u00a0\u00a0\u00a0\u00a0\u00a0\u00a0\u00a0\u00a0\u00a0\u00a0\u00a0\u00a0 Duft-Qigong I<\/span><\/p>\n<p><span style=\"font-size: 14px;\">01. &#8211; 03.03.14\u00a0\u00a0\u00a0\u00a0\u00a0\u00a0 Die 5 Meisterkr\u00e4fte \u2013 Bewegungslehre nach den 5 Elementen<br \/>\n<\/span><\/p>\n<p><span style=\"font-size: 14px;\">19. &#8211; 23.08.13\u00a0 \u00a0 \u00a0\u00a0 Die 15 Ausdrucksformen des Taiji-Qigongs<\/span><\/p>\n<p><span style=\"font-size: 14px;\">21.07.13\u00a0\u00a0\u00a0\u00a0\u00a0\u00a0\u00a0\u00a0\u00a0\u00a0\u00a0\u00a0\u00a0 \u00a0 \u00a0\u00a0 Fu\u00df-Gesundheit: Zeigt her eure F\u00fc\u00dfe<\/span><\/p>\n<p><span style=\"font-size: 14px;\">30.06.13\u00a0\u00a0\u00a0\u00a0\u00a0\u00a0\u00a0\u00a0\u00a0\u00a0\u00a0\u00a0\u00a0\u00a0\u00a0\u00a0\u00a0 Die f\u00fcnf R\u00e4der-\u00dcbungssequenz<\/span><\/p>\n<p><span style=\"font-size: 14px;\">15.06.13\u00a0\u00a0\u00a0\u00a0\u00a0\u00a0\u00a0\u00a0\u00a0\u00a0\u00a0\u00a0\u00a0\u00a0\u00a0\u00a0\u00a0\u00a0 Meridian-Qigong, Teil 2<\/span><\/p>\n<p><span style=\"font-size: 14px;\">07.05.13\u00a0\u00a0\u00a0\u00a0\u00a0\u00a0\u00a0\u00a0\u00a0\u00a0\u00a0\u00a0\u00a0\u00a0\u00a0\u00a0\u00a0\u00a0 Meridian-Qigong, Teil 1<\/span><\/p>\n<p><span style=\"font-size: 14px;\">02. + 03.05.13\u00a0\u00a0\u00a0\u00a0\u00a0\u00a0 Die acht Bambus\u00fcbungen<\/span><\/p>\n<p><span style=\"font-size: 14px;\">06. + 07.04.13\u00a0\u00a0\u00a0\u00a0\u00a0\u00a0 Leber-Qigong<\/span><\/p>\n<p><span style=\"font-size: 14px;\">16. + 17.02.13\u00a0\u00a0\u00a0\u00a0 \u00a0 \u00a0 Yi Jin Jing<\/span><\/p>\n<p><span style=\"font-size: 14px;\">27.\u00a0 &#8211; 31.8.12\u00a0\u00a0\u00a0\u00a0\u00a0\u00a0\u00a0\u00a0 \u00a0 Nei Dan Gong u.a.<\/span><\/p>\n<p><span style=\"font-size: 14px;\">24.06.12\u00a0\u00a0\u00a0\u00a0\u00a0\u00a0\u00a0\u00a0\u00a0\u00a0\u00a0\u00a0\u00a0\u00a0\u00a0\u00a0\u00a0\u00a0 Partner\u00fcbungen des Taiji und Qigong<\/span><\/p>\n<p><span style=\"font-size: 14px;\">28.04.12\u00a0\u00a0\u00a0\u00a0\u00a0\u00a0\u00a0\u00a0\u00a0\u00a0\u00a0\u00a0\u00a0\u00a0\u00a0\u00a0\u00a0\u00a0 Die Innere Alchimie des Qigong<\/span><\/p>\n<p><span style=\"font-size: 14px;\">27.04.12\u00a0\u00a0\u00a0\u00a0\u00a0\u00a0\u00a0\u00a0\u00a0\u00a0\u00a0\u00a0\u00a0\u00a0\u00a0\u00a0\u00a0\u00a0 Die Heilkraft des Atems<\/span><\/p>\n<p><span style=\"font-size: 14px;\">\u00a0<\/span><\/p>\n<p><span style=\"font-size: 14px;\">\u00a0<\/span><\/p>\n<p><span style=\"font-size: 14px;\">\u00a0<\/span><\/p>\n<p><span style=\"font-size: 14px;\">\u00a0<\/span><\/p>\n<p><span style=\"font-size: 14px;\">\u00a0<\/span><\/p>\n<p><span style=\"font-size: 14px;\">\u00a0<\/span><\/p>\n<p><span style=\"font-size: 14px;\">\u00a0<\/span><\/p>\n<p><span style=\"font-size: 14px;\">\u00a0<\/span><\/p>\n<p><span style=\"font-size: 14px;\">\u00a0<\/span><\/p>\n<p><span style=\"font-size: 14px;\">\u00a0<\/span><\/p>\n<p><span style=\"font-size: 14px;\">\u00a0<\/span><\/p>\n<p><span style=\"font-size: 14px;\">\u00a0<\/span><\/p>\n<p><span style=\"font-size: 14px;\">\u00a0<\/span><\/p>\n<p><span style=\"font-size: 14px;\">\u00a0<\/span><\/p>\n<p><span style=\"font-size: 14px;\">\u00a0<\/span><\/p>\n<p><span style=\"font-size: 14px;\">\u00a0<\/span><\/p>\n<p><span style=\"font-size: 14px;\">\u00a0<\/span><\/p>\n<p><span style=\"font-size: 14px;\">\u00a0<\/span><\/p>\n<p><span style=\"font-size: 14px;\">\u00a0<\/span><\/p>\n<p><span style=\"font-size: 14px;\">\u00a0<\/span><\/p>\n<p><span style=\"font-size: 14px;\">\u00a0<\/span><\/p>\n<p><span style=\"font-size: 14px;\">\u00a0<\/span><\/p>\n<p><span style=\"font-size: 14px;\">\u00a0<\/span><\/p>\n<p><span style=\"font-size: 14px;\">\u00a0<\/span><\/p>\n<p>&nbsp;<\/p>\n<p><span style=\"font-size: 14px;\">\u00a0<\/span><\/p>\n<p>&nbsp;<\/p>\n<p><span style=\"font-size: 14px;\">\u00a0<\/span><\/p>\n<p>&nbsp;<\/p>\n<p><span style=\"font-size: 14px;\">\u00a0<\/span><\/p>\n<p>&nbsp;<\/p>\n<p><span style=\"font-size: 14px;\">\u00a0<\/span><\/p>\n<p>&nbsp;<\/p>\n<p><span style=\"font-size: 14px;\">\u00a0<\/span><\/p>\n<p>&nbsp;<\/p>\n<p>&nbsp;<\/p>\n<p>&nbsp;<\/p>\n<p>&nbsp;<\/p>\n<p>&nbsp;<\/p>\n<p>&nbsp;<\/p>\n<p>&nbsp;<\/p>\n<p>&nbsp;<\/p>\n<p>&nbsp;<\/p>\n","protected":false},"excerpt":{"rendered":"<p>Meine Ausbildung: &nbsp; Heilpraktikerin, TCM-Therapeutin Qigong-Lehrerin und -Therapeutin, Qigong-Kursleiterin Qi Walking-Kursleiterin \u00a0 &nbsp; Meine st\u00e4ndigen Fortbildungen garantieren einen qualifizierten und aktuellen Unterricht. Ein kleiner Auszug aus meinen Fortbildungen (die neuesten zuerst): &nbsp; 22.04.2023\u00a0\u00a0\u00a0\u00a0\u00a0\u00a0\u00a0\u00a0 Drachenstark f\u00fcr Kinder &#8211; Abwandlung des Teller-Qigong zum \u00a0\u00a0\u00a0\u00a0\u00a0\u00a0\u00a0\u00a0\u00a0\u00a0\u00a0\u00a0\u00a0\u00a0\u00a0\u00a0\u00a0\u00a0\u00a0\u00a0\u00a0\u00a0\u00a0\u00a0\u00a0\u00a0\u00a0\u00a0\u00a0\u00a0\u00a0\u00a0\u00a0\u00a0 Drachen-Qigong f\u00fcr starke und selbstbewu\u00dfte Kinder 16.10.2022\u00a0\u00a0\u00a0\u00a0\u00a0\u00a0\u00a0\u00a0\u00a0\u00a0 Einf\u00fchrungstag &#8222;Drachenstark&#8220; &#8211; Bewegungsf\u00f6rderung f\u00fcr \u00a0\u00a0\u00a0\u00a0\u00a0\u00a0\u00a0\u00a0\u00a0\u00a0\u00a0\u00a0\u00a0\u00a0\u00a0\u00a0\u00a0\u00a0\u00a0\u00a0\u00a0\u00a0\u00a0\u00a0\u00a0\u00a0\u00a0\u00a0\u00a0\u00a0\u00a0\u00a0\u00a0\u00a0 &hellip; <\/p>\n<p class=\"link-more\"><a href=\"https:\/\/qigong-kurs.info\/?page_id=38\" class=\"more-link\"><span class=\"screen-reader-text\">\u201e\u00fcber Mich\u201c<\/span> weiterlesen<\/a><\/p>\n","protected":false},"author":1,"featured_media":359,"parent":0,"menu_order":0,"comment_status":"closed","ping_status":"closed","template":"","meta":{"footnotes":""},"class_list":["post-38","page","type-page","status-publish","has-post-thumbnail","hentry"],"_links":{"self":[{"href":"https:\/\/qigong-kurs.info\/index.php?rest_route=\/wp\/v2\/pages\/38","targetHints":{"allow":["GET"]}}],"collection":[{"href":"https:\/\/qigong-kurs.info\/index.php?rest_route=\/wp\/v2\/pages"}],"about":[{"href":"https:\/\/qigong-kurs.info\/index.php?rest_route=\/wp\/v2\/types\/page"}],"author":[{"embeddable":true,"href":"https:\/\/qigong-kurs.info\/index.php?rest_route=\/wp\/v2\/users\/1"}],"replies":[{"embeddable":true,"href":"https:\/\/qigong-kurs.info\/index.php?rest_route=%2Fwp%2Fv2%2Fcomments&post=38"}],"version-history":[{"count":38,"href":"https:\/\/qigong-kurs.info\/index.php?rest_route=\/wp\/v2\/pages\/38\/revisions"}],"predecessor-version":[{"id":601,"href":"https:\/\/qigong-kurs.info\/index.php?rest_route=\/wp\/v2\/pages\/38\/revisions\/601"}],"wp:featuredmedia":[{"embeddable":true,"href":"https:\/\/qigong-kurs.info\/index.php?rest_route=\/wp\/v2\/media\/359"}],"wp:attachment":[{"href":"https:\/\/qigong-kurs.info\/index.php?rest_route=%2Fwp%2Fv2%2Fmedia&parent=38"}],"curies":[{"name":"wp","href":"https:\/\/api.w.org\/{rel}","templated":true}]}}