{"id":36,"date":"2018-11-29T22:59:54","date_gmt":"2018-11-29T21:59:54","guid":{"rendered":"http:\/\/qigong-kurs.info\/?page_id=36"},"modified":"2022-12-29T14:37:27","modified_gmt":"2022-12-29T13:37:27","slug":"qigong-kurse","status":"publish","type":"page","link":"https:\/\/qigong-kurs.info\/?page_id=36","title":{"rendered":"Qigong Kurse"},"content":{"rendered":"<p><strong><span style=\"font-family: arial, helvetica, sans-serif; font-size: 20px; color: #ff0000;\">Die Kurstermine finden Sie in den Unterrubriken.<\/span><br \/>\n<\/strong><\/p>\n<p>&nbsp;<\/p>\n<p>Qigong ist f\u00fcr jede\/n eine Bereicherung im Leben.<\/p>\n<p>F\u00fcr alle Alters- und K\u00f6nnensstufen geeignet.<\/p>\n<p>Es besteht aus &#8222;Bewegtem oder Stillem Qigong&#8220;, Meditation, Selbstmassagen uvm.<\/p>\n<p>Qigong l\u00e4\u00dft unsere Energien wieder flie\u00dfen und f\u00fcllt leere Energiedepots wieder auf.<\/p>\n","protected":false},"excerpt":{"rendered":"<p>Die Kurstermine finden Sie in den Unterrubriken. &nbsp; Qigong ist f\u00fcr jede\/n eine Bereicherung im Leben. F\u00fcr alle Alters- und K\u00f6nnensstufen geeignet. Es besteht aus &#8222;Bewegtem oder Stillem Qigong&#8220;, Meditation, Selbstmassagen uvm. Qigong l\u00e4\u00dft unsere Energien wieder flie\u00dfen und f\u00fcllt leere Energiedepots wieder auf.<\/p>\n","protected":false},"author":1,"featured_media":0,"parent":0,"menu_order":0,"comment_status":"closed","ping_status":"closed","template":"","meta":{"footnotes":""},"class_list":["post-36","page","type-page","status-publish","hentry"],"_links":{"self":[{"href":"https:\/\/qigong-kurs.info\/index.php?rest_route=\/wp\/v2\/pages\/36","targetHints":{"allow":["GET"]}}],"collection":[{"href":"https:\/\/qigong-kurs.info\/index.php?rest_route=\/wp\/v2\/pages"}],"about":[{"href":"https:\/\/qigong-kurs.info\/index.php?rest_route=\/wp\/v2\/types\/page"}],"author":[{"embeddable":true,"href":"https:\/\/qigong-kurs.info\/index.php?rest_route=\/wp\/v2\/users\/1"}],"replies":[{"embeddable":true,"href":"https:\/\/qigong-kurs.info\/index.php?rest_route=%2Fwp%2Fv2%2Fcomments&post=36"}],"version-history":[{"count":10,"href":"https:\/\/qigong-kurs.info\/index.php?rest_route=\/wp\/v2\/pages\/36\/revisions"}],"predecessor-version":[{"id":545,"href":"https:\/\/qigong-kurs.info\/index.php?rest_route=\/wp\/v2\/pages\/36\/revisions\/545"}],"wp:attachment":[{"href":"https:\/\/qigong-kurs.info\/index.php?rest_route=%2Fwp%2Fv2%2Fmedia&parent=36"}],"curies":[{"name":"wp","href":"https:\/\/api.w.org\/{rel}","templated":true}]}}