{"id":228,"date":"2018-12-01T19:02:03","date_gmt":"2018-12-01T18:02:03","guid":{"rendered":"http:\/\/qigong-kurs.info\/?page_id=228"},"modified":"2018-12-01T19:02:03","modified_gmt":"2018-12-01T18:02:03","slug":"qi-walking","status":"publish","type":"page","link":"https:\/\/qigong-kurs.info\/?page_id=228","title":{"rendered":"Qi Walking"},"content":{"rendered":"<p><span style=\"font-family: arial, helvetica, sans-serif;\">Der neue Trend im Qi Gong vereint Qi Gong-\u00dcbungen mit bewu\u00dftem Gehen in der Natur.<br \/>\n<\/span><\/p>\n<p><span style=\"font-family: arial, helvetica, sans-serif;\">Die \u00dcbungen werden zuerst im Stehen einge\u00fcbt und dann in das bewu\u00dfte Gehen integriert.<\/span><\/p>\n<p>Termine werden noch bekannt gegeben.<\/p>\n","protected":false},"excerpt":{"rendered":"<p>Der neue Trend im Qi Gong vereint Qi Gong-\u00dcbungen mit bewu\u00dftem Gehen in der Natur. Die \u00dcbungen werden zuerst im Stehen einge\u00fcbt und dann in das bewu\u00dfte Gehen integriert. Termine werden noch bekannt gegeben.<\/p>\n","protected":false},"author":1,"featured_media":0,"parent":0,"menu_order":0,"comment_status":"closed","ping_status":"closed","template":"","meta":{"footnotes":""},"class_list":["post-228","page","type-page","status-publish","hentry"],"_links":{"self":[{"href":"https:\/\/qigong-kurs.info\/index.php?rest_route=\/wp\/v2\/pages\/228","targetHints":{"allow":["GET"]}}],"collection":[{"href":"https:\/\/qigong-kurs.info\/index.php?rest_route=\/wp\/v2\/pages"}],"about":[{"href":"https:\/\/qigong-kurs.info\/index.php?rest_route=\/wp\/v2\/types\/page"}],"author":[{"embeddable":true,"href":"https:\/\/qigong-kurs.info\/index.php?rest_route=\/wp\/v2\/users\/1"}],"replies":[{"embeddable":true,"href":"https:\/\/qigong-kurs.info\/index.php?rest_route=%2Fwp%2Fv2%2Fcomments&post=228"}],"version-history":[{"count":2,"href":"https:\/\/qigong-kurs.info\/index.php?rest_route=\/wp\/v2\/pages\/228\/revisions"}],"predecessor-version":[{"id":234,"href":"https:\/\/qigong-kurs.info\/index.php?rest_route=\/wp\/v2\/pages\/228\/revisions\/234"}],"wp:attachment":[{"href":"https:\/\/qigong-kurs.info\/index.php?rest_route=%2Fwp%2Fv2%2Fmedia&parent=228"}],"curies":[{"name":"wp","href":"https:\/\/api.w.org\/{rel}","templated":true}]}}