{"id":114,"date":"2018-12-01T16:05:52","date_gmt":"2018-12-01T15:05:52","guid":{"rendered":"http:\/\/qigong-kurs.info\/?page_id=114"},"modified":"2023-04-23T08:15:17","modified_gmt":"2023-04-23T07:15:17","slug":"qigong-fuer-kinder","status":"publish","type":"page","link":"https:\/\/qigong-kurs.info\/?page_id=114","title":{"rendered":"Qigong f\u00fcr Kinder"},"content":{"rendered":"<p>Das Teller Qigong abge\u00e4ndert zum <strong>Drachen Qigong f\u00fcr starke und selbstbewusste Kinder<\/strong><\/p>\n<p>aus dem Projekt &#8222;<span style=\"color: #008000;\"><strong>Drachenstark<\/strong><\/span>&#8220; von Erika Seitz.<\/p>\n<p><em>&#8222;Aus dem Qigong kenne wir viele Drachen\u00fcbungen (getarnt u.a. als Teller\u00fcbungen). Aber Drachen k\u00f6nnen noch viel mehr. Sie k\u00f6nnen Kinder und Erwachsene stark machen, zum Lachen bringen, ihre verborgenen Talente zum Vorschein bringen und vor allem neugierig machen.&#8220;<\/em><\/p>\n<p><em>&#8222;Drachenstark&#8220; ist ein flexibles und innovatives Konzept f\u00fcr Kinder und Jugendliche zur <strong>Lesef\u00f6rderung<\/strong>, <strong>Bewegungsf\u00f6rderung<\/strong> und <strong>Selbstbehauptung<\/strong>.<\/em><\/p>\n<p><em>Die bekannten Teller\u00fcbungen wurden von Erika Seitz kindgem\u00e4\u00df angepasst. Schon 2008 hat Erika Seitz das Projekt Drachenstark ins Leben gerufen und bis heute kontinuierlich weiterentwickelt.\u00a0\u00a0\u00a0 www.projekt-drachenstark.de<\/em><\/p>\n<p>&nbsp;<\/p>\n<p>Sie sind interessiert an Qigong f\u00fcr Kinder?<\/p>\n<p>Sie wollen einen Qigong-Kurs f\u00fcr Kinder in der Schule oder im Sportverein anbieten?<\/p>\n<p>Dann setzen Sie sich mit mir in Verbindung.<\/p>\n<p>&nbsp;<\/p>\n<p>&nbsp;<\/p>\n","protected":false},"excerpt":{"rendered":"<p>Das Teller Qigong abge\u00e4ndert zum Drachen Qigong f\u00fcr starke und selbstbewusste Kinder aus dem Projekt &#8222;Drachenstark&#8220; von Erika Seitz. &#8222;Aus dem Qigong kenne wir viele Drachen\u00fcbungen (getarnt u.a. als Teller\u00fcbungen). Aber Drachen k\u00f6nnen noch viel mehr. Sie k\u00f6nnen Kinder und Erwachsene stark machen, zum Lachen bringen, ihre verborgenen Talente zum Vorschein bringen und vor allem &hellip; <\/p>\n<p class=\"link-more\"><a href=\"https:\/\/qigong-kurs.info\/?page_id=114\" class=\"more-link\"><span class=\"screen-reader-text\">\u201eQigong f\u00fcr Kinder\u201c<\/span> weiterlesen<\/a><\/p>\n","protected":false},"author":1,"featured_media":0,"parent":0,"menu_order":0,"comment_status":"closed","ping_status":"closed","template":"","meta":{"footnotes":""},"class_list":["post-114","page","type-page","status-publish","hentry"],"_links":{"self":[{"href":"https:\/\/qigong-kurs.info\/index.php?rest_route=\/wp\/v2\/pages\/114","targetHints":{"allow":["GET"]}}],"collection":[{"href":"https:\/\/qigong-kurs.info\/index.php?rest_route=\/wp\/v2\/pages"}],"about":[{"href":"https:\/\/qigong-kurs.info\/index.php?rest_route=\/wp\/v2\/types\/page"}],"author":[{"embeddable":true,"href":"https:\/\/qigong-kurs.info\/index.php?rest_route=\/wp\/v2\/users\/1"}],"replies":[{"embeddable":true,"href":"https:\/\/qigong-kurs.info\/index.php?rest_route=%2Fwp%2Fv2%2Fcomments&post=114"}],"version-history":[{"count":10,"href":"https:\/\/qigong-kurs.info\/index.php?rest_route=\/wp\/v2\/pages\/114\/revisions"}],"predecessor-version":[{"id":606,"href":"https:\/\/qigong-kurs.info\/index.php?rest_route=\/wp\/v2\/pages\/114\/revisions\/606"}],"wp:attachment":[{"href":"https:\/\/qigong-kurs.info\/index.php?rest_route=%2Fwp%2Fv2%2Fmedia&parent=114"}],"curies":[{"name":"wp","href":"https:\/\/api.w.org\/{rel}","templated":true}]}}