{"id":108,"date":"2018-12-01T16:04:19","date_gmt":"2018-12-01T15:04:19","guid":{"rendered":"http:\/\/qigong-kurs.info\/?page_id=108"},"modified":"2022-02-15T12:56:33","modified_gmt":"2022-02-15T11:56:33","slug":"business-qigong","status":"publish","type":"page","link":"https:\/\/qigong-kurs.info\/?page_id=108","title":{"rendered":"Business Qigong"},"content":{"rendered":"<p><em>Business Qigong <\/em><\/p>\n<p><em>Betriebliche Gesundheitsf\u00f6rderung &#8211; eine Bereicherung f\u00fcr Ihr Unternehmen<br \/>\n<\/em><\/p>\n<p>Sie sind ein mitarbeiterorientiertes Unternehmen?<\/p>\n<p>Sie wollen die <strong>Leistungsf\u00e4higkeit<\/strong> Ihrer Mitarbeiter erhalten, ihre <strong>Motivation<\/strong> steigern und die Krankheitstage reduzieren?<\/p>\n<p>Sie wollen dem <strong>Burnout<\/strong> pr\u00e4ventiv die Stirn bieten?<\/p>\n<p>Dann machen Sie mit Business Qigong einen innovativen Schritt in die richtige Richtung.<\/p>\n<p>Aus meiner langj\u00e4hrigen Erfahrung als Qigong-Lehrerin und -Therapeutin kann ich die hervorragende Wirkung von QiGong, Stress am Arbeitsplatz abzubauen, immer wieder betonen. Kurze Ruhe- und Entspannungsphasen w\u00e4hrend des Arbeitsalltags f\u00f6rdern die Konzentrationsf\u00e4higkeit und Motivation und tragen so zur Verbesserung der Leistungsf\u00e4higkeit bei. Davon profitiert nicht nur der Einzelne sondern auch die harmonische Zusammenarbeit.<\/p>\n<p>Stress, Burn-out und innere K\u00fcndigung sind die aktuellen Probleme der Unternehmen. Aktuelle Studien zeigen, dass nur wenige Mitarbeiter ihre volle Leistung erbringen. Mitarbeiter werden immer \u00e4lter, was auch die gesundheitlich bedingten Ausf\u00e4lle ansteigen l\u00e4sst. Deshalb wird dem Unternehmer die zukunftsorientierte Aufgabe gestellt, sich um die Gesundheit seiner Mitarbeiter zu bem\u00fchen.<\/p>\n<p>Es geht also nicht allein darum die Krankheitstage zu reduzieren, sondern vor allem die Leistungsf\u00e4higkeit seiner Mitarbeiter zu erhalten und deren Motivation zu steigern. Wenn Ihre Mitarbeiter regelm\u00e4\u00dfig Qigong \u00fcben, werden sie ausgeglichener sein und konzentrierter arbeiten k\u00f6nnen.<\/p>\n<p><span style=\"font-family: arial, helvetica, sans-serif;\"><strong>Aber<\/strong> <\/span>nicht nur f\u00fcr Ihre Mitarbeiter ist Qigong von gro\u00dfem Nutzen, sondern auch f\u00fcr Ihre Unternehmensspitze. Manager sind heute im Dauerstress und k\u00f6nnen weder abends noch am Wochenende richtig abschalten.<\/p>\n<p>Nutzen Sie die Vorteile von Qigong f\u00fcr sich und Ihre Mitarbeiter:<\/p>\n<ul>\n<li>h\u00f6here Konzentrationsf\u00e4higkeit<\/li>\n<li>Linderung von R\u00fccken-, Nackenbeschwerden und Kopfschmerzen<\/li>\n<li>Ausgeglichenheit<\/li>\n<li>St\u00e4rkung des Immunsystems<\/li>\n<li>weniger Krankheitstage<\/li>\n<li>motivierte und loyale Mitarbeiter<\/li>\n<li>Imagegewinn<\/li>\n<li>dauerhafter Wettbewerbsvorteil<\/li>\n<\/ul>\n<p>Qigong sind einfach zu erlernende, harmonische \u00dcbungen, unabh\u00e4ngig von Alter und Konstitution. Ein leerer Raum mit ein paar St\u00fchlen, bequeme Kleidung und dicke Socken oder leichte Trainingsschuhe sind alles, was man dazu braucht.<\/p>\n<p>Entscheiden Sie sich f\u00fcr Business Qigong, das sichert Ihrem Unternehmen nicht nur <span style=\"font-family: arial, helvetica, sans-serif;\"><strong>Imagegewinn <\/strong><\/span>sondern einen <strong><span style=\"font-family: arial, helvetica, sans-serif;\">dauerhaften Wettbewerbsvorteil<\/span><\/strong>.<\/p>\n<p>Kontaktieren Sie mich, ich mache Ihnen gerne ein individuelles Angebot!<\/p>\n<p><strong>\u00a0<\/strong><\/p>\n","protected":false},"excerpt":{"rendered":"<p>Business Qigong Betriebliche Gesundheitsf\u00f6rderung &#8211; eine Bereicherung f\u00fcr Ihr Unternehmen Sie sind ein mitarbeiterorientiertes Unternehmen? Sie wollen die Leistungsf\u00e4higkeit Ihrer Mitarbeiter erhalten, ihre Motivation steigern und die Krankheitstage reduzieren? Sie wollen dem Burnout pr\u00e4ventiv die Stirn bieten? Dann machen Sie mit Business Qigong einen innovativen Schritt in die richtige Richtung. Aus meiner langj\u00e4hrigen Erfahrung als &hellip; <\/p>\n<p class=\"link-more\"><a href=\"https:\/\/qigong-kurs.info\/?page_id=108\" class=\"more-link\"><span class=\"screen-reader-text\">\u201eBusiness Qigong\u201c<\/span> weiterlesen<\/a><\/p>\n","protected":false},"author":1,"featured_media":0,"parent":0,"menu_order":0,"comment_status":"closed","ping_status":"closed","template":"","meta":{"footnotes":""},"class_list":["post-108","page","type-page","status-publish","hentry"],"_links":{"self":[{"href":"https:\/\/qigong-kurs.info\/index.php?rest_route=\/wp\/v2\/pages\/108","targetHints":{"allow":["GET"]}}],"collection":[{"href":"https:\/\/qigong-kurs.info\/index.php?rest_route=\/wp\/v2\/pages"}],"about":[{"href":"https:\/\/qigong-kurs.info\/index.php?rest_route=\/wp\/v2\/types\/page"}],"author":[{"embeddable":true,"href":"https:\/\/qigong-kurs.info\/index.php?rest_route=\/wp\/v2\/users\/1"}],"replies":[{"embeddable":true,"href":"https:\/\/qigong-kurs.info\/index.php?rest_route=%2Fwp%2Fv2%2Fcomments&post=108"}],"version-history":[{"count":11,"href":"https:\/\/qigong-kurs.info\/index.php?rest_route=\/wp\/v2\/pages\/108\/revisions"}],"predecessor-version":[{"id":672,"href":"https:\/\/qigong-kurs.info\/index.php?rest_route=\/wp\/v2\/pages\/108\/revisions\/672"}],"wp:attachment":[{"href":"https:\/\/qigong-kurs.info\/index.php?rest_route=%2Fwp%2Fv2%2Fmedia&parent=108"}],"curies":[{"name":"wp","href":"https:\/\/api.w.org\/{rel}","templated":true}]}}